{"id":1379,"date":"2020-08-14T15:25:31","date_gmt":"2020-08-14T15:25:31","guid":{"rendered":"http:\/\/www.htcformosa.gob.ar\/?page_id=1379"},"modified":"2020-09-15T12:02:55","modified_gmt":"2020-09-15T12:02:55","slug":"covid-19-acuerdos","status":"publish","type":"page","link":"http:\/\/www.htcformosa.gob.ar\/?page_id=1379","title":{"rendered":"COVID-19 :: Acuerdos"},"content":{"rendered":"<p><a href=\"http:\/\/htcformosa.gob.ar\/wp-content\/uploads\/2020\/08\/ACUERDO-37432-Licencia-especial-extraordinaria.pdf\">ACUERDO 37432 &#8211; Licencia especial extraordinaria<\/a><\/p>\n<p><a href=\"http:\/\/htcformosa.gob.ar\/wp-content\/uploads\/2020\/08\/ACUERDO-37433-Receso-extraordinario.pdf\">ACUERDO 37433 &#8211; Receso extraordinario<\/a><\/p>\n<p><a href=\"http:\/\/htcformosa.gob.ar\/wp-content\/uploads\/2020\/08\/ACUERDO-37435-Receso-extraordinario-continuidad.pdf\">ACUERDO 37435 &#8211; Receso extraordinario-continuidad<\/a><\/p>\n<p><a href=\"http:\/\/htcformosa.gob.ar\/wp-content\/uploads\/2020\/08\/ACUERDO-37436-Receso-extraordinario-continuidad.pdf\">ACUERDO 37436 &#8211; Receso extraordinario-continuidad<\/a><\/p>\n<p><a href=\"http:\/\/htcformosa.gob.ar\/wp-content\/uploads\/2020\/08\/ACUERDO-37437-Receso-extraordinario-continuidad.pdf\">ACUERDO 37437 &#8211; Receso extraordinario-continuidad<\/a><\/p>\n<p><a href=\"http:\/\/htcformosa.gob.ar\/wp-content\/uploads\/2020\/08\/ACUERDO-37438-Recepcion-Cuenta-de-inversion.pdf\">ACUERDO 37438 &#8211; Recepci\u00f3n-Cuenta de inversi\u00f3n<\/a><\/p>\n<p><a href=\"http:\/\/htcformosa.gob.ar\/wp-content\/uploads\/2020\/08\/ACUERDO-37441-Prorroga-Protocolo.pdf\">ACUERDO 37441 &#8211; Prorroga &#8211; Protocolo<\/a><\/p>\n<p><a href=\"http:\/\/htcformosa.gob.ar\/wp-content\/uploads\/2020\/08\/ACUERDO-37442-Recepcion-documental-pendientes.pdf\">ACUERDO 37442 &#8211; Recepci\u00f3n-documental-pendientes<\/a><\/p>\n<p><a href=\"http:\/\/htcformosa.gob.ar\/wp-content\/uploads\/2020\/08\/ACUERDO-37443-Receso-extraordinario-continuidad.pdf\">ACUERDO 37443 -Receso extraordinario-continuidad<\/a><\/p>\n<p><a href=\"http:\/\/htcformosa.gob.ar\/wp-content\/uploads\/2020\/08\/ACUERDO-37444-Presentacion-CUENTA-ANUAL-2019.pdf\">ACUERDO 37444 -Presentaci\u00f3n CUENTA ANUAL 2019<\/a><\/p>\n<p><a href=\"http:\/\/htcformosa.gob.ar\/wp-content\/uploads\/2020\/08\/Acuerdo-37455-Cuadernos-Documentales.pdf\">ACUERDO 37455 -Habilitaci\u00f3n Presentaci\u00f3n \u00a0 Cuaderno Documental 2020<\/a><\/p>\n","protected":false},"excerpt":{"rendered":"<p>ACUERDO 37432 &#8211; Licencia especial extraordinaria ACUERDO 37433 &#8211; Receso extraordinario ACUERDO 37435 &#8211; Receso extraordinario-continuidad ACUERDO 37436 &#8211; Receso extraordinario-continuidad ACUERDO 37437 &#8211; Receso extraordinario-continuidad ACUERDO 37438 &#8211; Recepci\u00f3n-Cuenta de inversi\u00f3n ACUERDO 37441 &#8211; Prorroga &#8211; Protocolo ACUERDO 37442 &#8211; Recepci\u00f3n-documental-pendientes ACUERDO 37443 -Receso extraordinario-continuidad ACUERDO 37444 -Presentaci\u00f3n CUENTA ANUAL 2019 ACUERDO 37455 -Habilitaci\u00f3n &hellip; <\/p>\n<p class=\"link-more\"><a href=\"http:\/\/www.htcformosa.gob.ar\/?page_id=1379\" class=\"more-link\">Continuar leyendo<span class=\"screen-reader-text\"> \u00abCOVID-19 :: Acuerdos\u00bb<\/span><\/a><\/p>\n","protected":false},"author":25,"featured_media":0,"parent":0,"menu_order":0,"comment_status":"closed","ping_status":"closed","template":"","meta":{"ngg_post_thumbnail":0},"_links":{"self":[{"href":"http:\/\/www.htcformosa.gob.ar\/index.php?rest_route=\/wp\/v2\/pages\/1379"}],"collection":[{"href":"http:\/\/www.htcformosa.gob.ar\/index.php?rest_route=\/wp\/v2\/pages"}],"about":[{"href":"http:\/\/www.htcformosa.gob.ar\/index.php?rest_route=\/wp\/v2\/types\/page"}],"author":[{"embeddable":true,"href":"http:\/\/www.htcformosa.gob.ar\/index.php?rest_route=\/wp\/v2\/users\/25"}],"replies":[{"embeddable":true,"href":"http:\/\/www.htcformosa.gob.ar\/index.php?rest_route=%2Fwp%2Fv2%2Fcomments&post=1379"}],"version-history":[{"count":5,"href":"http:\/\/www.htcformosa.gob.ar\/index.php?rest_route=\/wp\/v2\/pages\/1379\/revisions"}],"predecessor-version":[{"id":1463,"href":"http:\/\/www.htcformosa.gob.ar\/index.php?rest_route=\/wp\/v2\/pages\/1379\/revisions\/1463"}],"wp:attachment":[{"href":"http:\/\/www.htcformosa.gob.ar\/index.php?rest_route=%2Fwp%2Fv2%2Fmedia&parent=1379"}],"curies":[{"name":"wp","href":"https:\/\/api.w.org\/{rel}","templated":true}]}}