{"id":7412,"date":"2025-09-12T13:22:43","date_gmt":"2025-09-12T13:22:43","guid":{"rendered":"http:\/\/www.htcformosa.gob.ar\/?page_id=7412"},"modified":"2025-09-12T15:21:38","modified_gmt":"2025-09-12T15:21:38","slug":"trabajos-de-investigacion","status":"publish","type":"page","link":"http:\/\/www.htcformosa.gob.ar\/?page_id=7412","title":{"rendered":"Trabajos de investigaci\u00f3n"},"content":{"rendered":"<p data-start=\"63\" data-end=\"184\"><strong data-start=\"63\" data-end=\"182\">XXVIII JORNADAS DE TRIBUNALES DE CUENTAS, \u00d3RGANOS Y ORGANISMOS DE CONTROL P\u00daBLICO EXTERNO DE LA REP\u00daBLICA ARGENTINA<\/strong><\/p>\n<p data-start=\"186\" data-end=\"230\">Mendoza, 17, 18 y 19 de septiembre de 2025<\/p>\n<ul>\n<li data-start=\"186\" data-end=\"230\">LA GOBERNANZA EN LOS ENTES, COMO MEDIO DE CONTROL. ESTUDIO DE CASO: HONORABLE TRIBUNAL DE CUENTAS DE LA PROVINCIA DE FORMOSA<br \/>\n<a style=\"font-size: 1rem;\" href=\"http:\/\/htcformosa.gob.ar\/wp-content\/uploads\/2025\/09\/PANEL-GOBERNANZA-HTCFSA.pdf\">(Descargar art\u00edculo completo)<\/a><\/li>\n<\/ul>\n<ul>\n<li data-start=\"186\" data-end=\"230\">EN-RED-ADOS &#8211; Espacios de formaci\u00f3n Institucional para una Gobernanza Inteligente: la experiencia de la CodECI en el HTC-Formosa<br \/>\n<a style=\"font-size: 1rem;\" href=\"http:\/\/htcformosa.gob.ar\/wp-content\/uploads\/2025\/09\/TEMA-1-Zacariaz-Froia-Ana-Idoyaga-Florencia-EN-RED-ADOS.pdf\">(Descargar art\u00edculo completo)<\/a><br \/>\n<a style=\"font-size: 1rem;\" href=\"http:\/\/htcformosa.gob.ar\/wp-content\/uploads\/2025\/09\/PRESENTACIO\u0301N-JORNDAS-TC.pdf\">(Descargar presentaci\u00f3n)<\/a><\/li>\n<\/ul>\n<p data-start=\"186\" data-end=\"230\">&nbsp;<\/p>\n","protected":false},"excerpt":{"rendered":"<p>XXVIII JORNADAS DE TRIBUNALES DE CUENTAS, \u00d3RGANOS Y ORGANISMOS DE CONTROL P\u00daBLICO EXTERNO DE LA REP\u00daBLICA ARGENTINA Mendoza, 17, 18 y 19 de septiembre de 2025 LA GOBERNANZA EN LOS ENTES, COMO MEDIO DE CONTROL. ESTUDIO DE CASO: HONORABLE TRIBUNAL DE CUENTAS DE LA PROVINCIA DE FORMOSA (Descargar art\u00edculo completo) EN-RED-ADOS &#8211; Espacios de formaci\u00f3n &hellip; <\/p>\n<p class=\"link-more\"><a href=\"http:\/\/www.htcformosa.gob.ar\/?page_id=7412\" class=\"more-link\">Continuar leyendo<span class=\"screen-reader-text\"> \u00abTrabajos de investigaci\u00f3n\u00bb<\/span><\/a><\/p>\n","protected":false},"author":12,"featured_media":0,"parent":0,"menu_order":0,"comment_status":"closed","ping_status":"closed","template":"","meta":{"ngg_post_thumbnail":0},"_links":{"self":[{"href":"http:\/\/www.htcformosa.gob.ar\/index.php?rest_route=\/wp\/v2\/pages\/7412"}],"collection":[{"href":"http:\/\/www.htcformosa.gob.ar\/index.php?rest_route=\/wp\/v2\/pages"}],"about":[{"href":"http:\/\/www.htcformosa.gob.ar\/index.php?rest_route=\/wp\/v2\/types\/page"}],"author":[{"embeddable":true,"href":"http:\/\/www.htcformosa.gob.ar\/index.php?rest_route=\/wp\/v2\/users\/12"}],"replies":[{"embeddable":true,"href":"http:\/\/www.htcformosa.gob.ar\/index.php?rest_route=%2Fwp%2Fv2%2Fcomments&post=7412"}],"version-history":[{"count":7,"href":"http:\/\/www.htcformosa.gob.ar\/index.php?rest_route=\/wp\/v2\/pages\/7412\/revisions"}],"predecessor-version":[{"id":7424,"href":"http:\/\/www.htcformosa.gob.ar\/index.php?rest_route=\/wp\/v2\/pages\/7412\/revisions\/7424"}],"wp:attachment":[{"href":"http:\/\/www.htcformosa.gob.ar\/index.php?rest_route=%2Fwp%2Fv2%2Fmedia&parent=7412"}],"curies":[{"name":"wp","href":"https:\/\/api.w.org\/{rel}","templated":true}]}}